{"id":7,"date":"2016-02-28T22:28:06","date_gmt":"2016-02-28T21:28:06","guid":{"rendered":"http:\/\/vlpix.fr\/?page_id=7"},"modified":"2024-11-18T13:08:46","modified_gmt":"2024-11-18T12:08:46","slug":"accueil","status":"publish","type":"page","link":"https:\/\/vlpix.fr\/","title":{"rendered":"Accueil"},"content":{"rendered":"<p style=\"text-align: right;\"><a href=\"https:\/\/www.instagram.com\/vlpix.fr\/\"><img loading=\"lazy\" decoding=\"async\" class=\"alignnone wp-image-916\" src=\"http:\/\/vlpix.fr\/wp-content\/uploads\/2019\/09\/t\u00e9l\u00e9charg\u00e9.jpg\" alt=\"\" width=\"37\" height=\"37\" srcset=\"https:\/\/vlpix.fr\/wp-content\/uploads\/2019\/09\/t\u00e9l\u00e9charg\u00e9.jpg 225w, https:\/\/vlpix.fr\/wp-content\/uploads\/2019\/09\/t\u00e9l\u00e9charg\u00e9-150x150.jpg 150w\" sizes=\"auto, (max-width: 37px) 100vw, 37px\" \/><\/a>&nbsp;<a href=\"https:\/\/www.facebook.com\/vlpix.fr\" target=\"_blank\" rel=\"noopener noreferrer\"><img loading=\"lazy\" decoding=\"async\" class=\"alignnone  wp-image-909\" src=\"http:\/\/vlpix.fr\/wp-content\/uploads\/2016\/02\/logo-facebook-1-300x300.png\" alt=\"\" width=\"36\" height=\"36\" srcset=\"https:\/\/vlpix.fr\/wp-content\/uploads\/2016\/02\/logo-facebook-1-300x300.png 300w, https:\/\/vlpix.fr\/wp-content\/uploads\/2016\/02\/logo-facebook-1-150x150.png 150w, https:\/\/vlpix.fr\/wp-content\/uploads\/2016\/02\/logo-facebook-1-768x768.png 768w, https:\/\/vlpix.fr\/wp-content\/uploads\/2016\/02\/logo-facebook-1-1024x1024.png 1024w, https:\/\/vlpix.fr\/wp-content\/uploads\/2016\/02\/logo-facebook-1.png 2000w\" sizes=\"auto, (max-width: 36px) 100vw, 36px\" \/><\/a> <a href=\"https:\/\/twitter.com\/_VLP91_\" target=\"_blank\" rel=\"noopener noreferrer\"><img loading=\"lazy\" decoding=\"async\" class=\"alignnone  wp-image-908\" src=\"http:\/\/vlpix.fr\/wp-content\/uploads\/2016\/02\/Twitter-logo-1-300x300.png\" alt=\"\" width=\"36\" height=\"36\" srcset=\"https:\/\/vlpix.fr\/wp-content\/uploads\/2016\/02\/Twitter-logo-1-300x300.png 300w, https:\/\/vlpix.fr\/wp-content\/uploads\/2016\/02\/Twitter-logo-1-150x150.png 150w, https:\/\/vlpix.fr\/wp-content\/uploads\/2016\/02\/Twitter-logo-1-768x768.png 768w, https:\/\/vlpix.fr\/wp-content\/uploads\/2016\/02\/Twitter-logo-1.png 1024w\" sizes=\"auto, (max-width: 36px) 100vw, 36px\" \/><\/a><img loading=\"lazy\" decoding=\"async\" class=\"wp-image-4  aligncenter\" src=\"http:\/\/vlpix.fr\/wp-content\/uploads\/2016\/02\/Moto-Head.jpg\" alt=\"\" width=\"848\" height=\"565\" srcset=\"https:\/\/vlpix.fr\/wp-content\/uploads\/2016\/02\/Moto-Head.jpg 2048w, https:\/\/vlpix.fr\/wp-content\/uploads\/2016\/02\/Moto-Head-300x200.jpg 300w, https:\/\/vlpix.fr\/wp-content\/uploads\/2016\/02\/Moto-Head-768x512.jpg 768w, https:\/\/vlpix.fr\/wp-content\/uploads\/2016\/02\/Moto-Head-1024x683.jpg 1024w\" sizes=\"auto, (max-width: 848px) 100vw, 848px\" \/><\/p>\n","protected":false},"excerpt":{"rendered":"<p>&nbsp;<\/p>\n","protected":false},"author":1,"featured_media":0,"parent":0,"menu_order":0,"comment_status":"closed","ping_status":"closed","template":"page-full-width.php","meta":{"ngg_post_thumbnail":0,"footnotes":""},"class_list":["entry","page","publish","author-admvlpix","post-7"],"_links":{"self":[{"href":"https:\/\/vlpix.fr\/index.php\/wp-json\/wp\/v2\/pages\/7","targetHints":{"allow":["GET"]}}],"collection":[{"href":"https:\/\/vlpix.fr\/index.php\/wp-json\/wp\/v2\/pages"}],"about":[{"href":"https:\/\/vlpix.fr\/index.php\/wp-json\/wp\/v2\/types\/page"}],"author":[{"embeddable":true,"href":"https:\/\/vlpix.fr\/index.php\/wp-json\/wp\/v2\/users\/1"}],"replies":[{"embeddable":true,"href":"https:\/\/vlpix.fr\/index.php\/wp-json\/wp\/v2\/comments?post=7"}],"version-history":[{"count":18,"href":"https:\/\/vlpix.fr\/index.php\/wp-json\/wp\/v2\/pages\/7\/revisions"}],"predecessor-version":[{"id":2544,"href":"https:\/\/vlpix.fr\/index.php\/wp-json\/wp\/v2\/pages\/7\/revisions\/2544"}],"wp:attachment":[{"href":"https:\/\/vlpix.fr\/index.php\/wp-json\/wp\/v2\/media?parent=7"}],"curies":[{"name":"wp","href":"https:\/\/api.w.org\/{rel}","templated":true}]}}