{"id":289,"date":"2016-02-29T22:04:56","date_gmt":"2016-02-29T21:04:56","guid":{"rendered":"http:\/\/vlpix.fr\/?page_id=289"},"modified":"2017-02-08T19:48:22","modified_gmt":"2017-02-08T18:48:22","slug":"a-propos","status":"publish","type":"page","link":"https:\/\/vlpix.fr\/index.php\/a-propos\/","title":{"rendered":"\u00c0 PROPOS"},"content":{"rendered":"<h2 class=\"font_2\">\u00c0 Propos<\/h2>\n<hr>\n<p>&nbsp;<\/p>\n<p class=\"font_8\"><span style=\"line-height: 1.5;\">Amate<img loading=\"lazy\" decoding=\"async\" class=\"size-medium wp-image-290 alignleft\" src=\"http:\/\/vlpix.fr\/wp-content\/uploads\/2016\/02\/Aproposde-205x300.jpg\" alt=\"Aproposde\" width=\"205\" height=\"300\" srcset=\"https:\/\/vlpix.fr\/wp-content\/uploads\/2016\/02\/Aproposde-205x300.jpg 205w, https:\/\/vlpix.fr\/wp-content\/uploads\/2016\/02\/Aproposde.jpg 583w\" sizes=\"auto, (max-width: 205px) 100vw, 205px\" \/>ur de photo et passionn\u00e9 de tout ce qui est motoris\u00e9 c&#8217;est tout naturellement &nbsp;que &nbsp;j&#8217;essaie de concilier ces deux disciplines.<\/span><\/p>\n<p class=\"font_8\">Vous \u00eates pilotes, pr\u00e9parateur, simplement passionn\u00e9, et vous avez besoin d&#8217;une s\u00e9rie photo, contactez moi&#8230;<\/p>\n<p>Pour Plus de photo : <a href=\"https:\/\/www.facebook.com\/VincentLefievrePhotographie\/\">FACEBOOK<\/a>&nbsp;<\/p>\n<p>&nbsp;<\/p>\n<p>&nbsp;<\/p>\n<p style=\"text-align: right;\"><strong>Vincent L.<\/strong><\/p>\n<p style=\"text-align: right;\"><strong>VLPix<\/strong><\/p>\n<p style=\"text-align: right;\"><em>vlpix.web@gmail.com<\/em><\/p>\n","protected":false},"excerpt":{"rendered":"<p>\u00c0 Propos &nbsp; Amateur de photo et passionn\u00e9 de tout ce qui est motoris\u00e9 c&#8217;est tout naturellement &nbsp;que &nbsp;j&#8217;essaie de concilier ces deux disciplines. Vous \u00eates pilotes, pr\u00e9parateur, simplement passionn\u00e9, et vous avez besoin d&#8217;une s\u00e9rie photo, contactez moi&#8230; Pour Plus de photo : FACEBOOK&nbsp; &nbsp; &nbsp; Vincent L. VLPix vlpix.web@gmail.com<\/p>\n","protected":false},"author":1,"featured_media":0,"parent":0,"menu_order":3,"comment_status":"closed","ping_status":"closed","template":"page-full-width.php","meta":{"ngg_post_thumbnail":0,"footnotes":""},"class_list":["entry","page","publish","author-admvlpix","post-289"],"_links":{"self":[{"href":"https:\/\/vlpix.fr\/index.php\/wp-json\/wp\/v2\/pages\/289","targetHints":{"allow":["GET"]}}],"collection":[{"href":"https:\/\/vlpix.fr\/index.php\/wp-json\/wp\/v2\/pages"}],"about":[{"href":"https:\/\/vlpix.fr\/index.php\/wp-json\/wp\/v2\/types\/page"}],"author":[{"embeddable":true,"href":"https:\/\/vlpix.fr\/index.php\/wp-json\/wp\/v2\/users\/1"}],"replies":[{"embeddable":true,"href":"https:\/\/vlpix.fr\/index.php\/wp-json\/wp\/v2\/comments?post=289"}],"version-history":[{"count":6,"href":"https:\/\/vlpix.fr\/index.php\/wp-json\/wp\/v2\/pages\/289\/revisions"}],"predecessor-version":[{"id":873,"href":"https:\/\/vlpix.fr\/index.php\/wp-json\/wp\/v2\/pages\/289\/revisions\/873"}],"wp:attachment":[{"href":"https:\/\/vlpix.fr\/index.php\/wp-json\/wp\/v2\/media?parent=289"}],"curies":[{"name":"wp","href":"https:\/\/api.w.org\/{rel}","templated":true}]}}